{"id":1730,"date":"2024-04-07T10:02:52","date_gmt":"2024-04-07T10:02:52","guid":{"rendered":"https:\/\/rubel.si\/servizi-3\/"},"modified":"2024-04-07T10:04:33","modified_gmt":"2024-04-07T10:04:33","slug":"servizi-3","status":"publish","type":"page","link":"https:\/\/rubel.si\/it\/servizi-3\/","title":{"rendered":"servizi"},"content":{"rendered":"\n<div class=\"wp-block-group sm-plr-1-25 has-accent-background-color has-background is-layout-flow wp-block-group-is-layout-flow\" style=\"margin-top:0;padding-top:var(--wp--preset--spacing--50);padding-left:var(--wp--preset--spacing--40)\">\n<div class=\"wp-block-columns sm-gap-0 is-layout-flex wp-container-core-columns-is-layout-14cf5ab5 wp-block-columns-is-layout-flex\">\n<div class=\"wp-block-column is-vertically-aligned-top is-layout-flow wp-block-column-is-layout-flow\" style=\"padding-bottom:var(--wp--preset--spacing--50)\">\n<h2 class=\"wp-block-heading sm-mb-1-5 has-base-color has-text-color has-link-color wp-elements-37a9fb335641fa89534d1f5f32d54232\">SERVIZI<\/h2>\n\n\n\n<p class=\"max-width-560 sm-mt-0 sm-pt-0 has-base-color has-text-color has-link-color wp-elements-52de49472674badb1c04c41ec360cea4\" style=\"padding-top:var(--wp--preset--spacing--60)\">La nostra azienda si concentra sul settore della produzione di stampi. Il nostro campo di attivit\u00e0 pi\u00f9 importante comprende la produzione di stampi per lo stampaggio a iniezione di materie plastiche, pressofusione di zama e alluminio e stampi per stampagio della lamiera. La nostra attivit\u00e0 principale la uniamo con la produzione di varie componenti per industria meccanica e con il riparo dei stampi gi\u00e0 esistenti.<\/p>\n<\/div>\n\n\n\n<div class=\"wp-block-column is-vertically-aligned-bottom sm-pb-2 is-layout-flow wp-block-column-is-layout-flow\" style=\"flex-basis:66.66%\">\n<figure class=\"wp-block-image size-full\"><img loading=\"lazy\" decoding=\"async\" width=\"2560\" height=\"1707\" src=\"https:\/\/www.rubel.si\/wp-content\/uploads\/2024\/01\/Rubel-19-scaled.jpg\" alt=\"\" class=\"wp-image-423\" style=\"aspect-ratio:16\/9;object-fit:cover\" srcset=\"https:\/\/rubel.si\/wp-content\/uploads\/2024\/01\/Rubel-19-scaled.jpg 2560w, https:\/\/rubel.si\/wp-content\/uploads\/2024\/01\/Rubel-19-300x200.jpg 300w, https:\/\/rubel.si\/wp-content\/uploads\/2024\/01\/Rubel-19-1024x683.jpg 1024w, https:\/\/rubel.si\/wp-content\/uploads\/2024\/01\/Rubel-19-768x512.jpg 768w, https:\/\/rubel.si\/wp-content\/uploads\/2024\/01\/Rubel-19-1536x1024.jpg 1536w, https:\/\/rubel.si\/wp-content\/uploads\/2024\/01\/Rubel-19-2048x1365.jpg 2048w\" sizes=\"auto, (max-width: 2560px) 100vw, 2560px\" \/><\/figure>\n<\/div>\n<\/div>\n<\/div>\n\n<div class=\"wp-block-group has-contrast-background-color has-background has-global-padding is-layout-constrained wp-block-group-is-layout-constrained\" style=\"margin-top:0;margin-bottom:0;padding-top:var(--wp--preset--spacing--50);padding-bottom:var(--wp--preset--spacing--50)\">\n<div class=\"wp-block-columns sm-column-reverse is-layout-flex wp-container-core-columns-is-layout-14cf5ab5 wp-block-columns-is-layout-flex\">\n<div class=\"wp-block-column is-layout-flow wp-block-column-is-layout-flow\">\n<figure class=\"wp-block-image size-large\"><img loading=\"lazy\" decoding=\"async\" width=\"1024\" height=\"683\" src=\"https:\/\/www.rubel.si\/wp-content\/uploads\/2024\/01\/Rubel-47-1024x683.jpg\" alt=\"\" class=\"wp-image-646\" srcset=\"https:\/\/rubel.si\/wp-content\/uploads\/2024\/01\/Rubel-47-1024x683.jpg 1024w, https:\/\/rubel.si\/wp-content\/uploads\/2024\/01\/Rubel-47-300x200.jpg 300w, https:\/\/rubel.si\/wp-content\/uploads\/2024\/01\/Rubel-47-768x512.jpg 768w, https:\/\/rubel.si\/wp-content\/uploads\/2024\/01\/Rubel-47-1536x1024.jpg 1536w, https:\/\/rubel.si\/wp-content\/uploads\/2024\/01\/Rubel-47-2048x1365.jpg 2048w\" sizes=\"auto, (max-width: 1024px) 100vw, 1024px\" \/><\/figure>\n<\/div>\n\n\n\n<div class=\"wp-block-column is-vertically-aligned-center is-layout-flow wp-block-column-is-layout-flow\">\n<p class=\"max-width-560 has-base-color has-text-color has-link-color wp-elements-090101c90a9cc24e8bc6e918d62023a4\">Siamo specializzati in stampi di alta qualit\u00e0 per lo stampaggio a iniezione di materie plastiche con sistemi integrati per lo svitamento di filetti formati in prodotti stampati a iniezione e stampi con aperture laterali impegnative.<\/p>\n\n\n\n<p class=\"max-width-560 has-base-color has-text-color has-link-color wp-elements-d628642c4420c96174fa2c6b991d97c0\">La costante evoluzione del parco macchine, gli operatori esperti e l&#8217;aggiornamento dei nostri software rappresentano un vantaggio competitivo che ci permette di soddisfare i nostri clienti.<\/p>\n<\/div>\n<\/div>\n<\/div>\n\n<div class=\"wp-block-group reverse-storitve has-contrast-color has-text-color has-link-color wp-elements-4d626dec1fa2d910390908c97edb4f1f has-global-padding is-layout-constrained wp-block-group-is-layout-constrained\" style=\"margin-top:0;margin-bottom:0;padding-top:var(--wp--preset--spacing--60);padding-bottom:var(--wp--preset--spacing--60)\">\n<div class=\"wp-block-columns grid-3x3 sm-grid-2x2 is-layout-flex wp-container-core-columns-is-layout-28f84493 wp-block-columns-is-layout-flex\">\n<div class=\"wp-block-column is-layout-flow wp-block-column-is-layout-flow\" style=\"border-style:none;border-width:0px;padding-top:0;padding-bottom:0\">\n<div class=\"wp-block-columns is-layout-flex wp-container-core-columns-is-layout-ec2e7a44 wp-block-columns-is-layout-flex\" style=\"padding-top:0;padding-bottom:0\">\n<div class=\"wp-block-column border-radius-10 has-border-color has-contrast-2-border-color is-layout-flow wp-block-column-is-layout-flow\" style=\"border-width:1px;padding-top:var(--wp--preset--spacing--40);padding-bottom:var(--wp--preset--spacing--40)\">\n<figure class=\"wp-block-image size-large\"><a href=\"https:\/\/www.rubel.si\/storitve\/orodja-za-tlacni-liv\/\"><img loading=\"lazy\" decoding=\"async\" width=\"1024\" height=\"858\" src=\"https:\/\/www.rubel.si\/wp-content\/uploads\/2024\/01\/IHSM-HOUSING-1024x858.png\" alt=\"\" class=\"wp-image-737\" style=\"aspect-ratio:1;object-fit:cover\" srcset=\"https:\/\/rubel.si\/wp-content\/uploads\/2024\/01\/IHSM-HOUSING-1024x858.png 1024w, https:\/\/rubel.si\/wp-content\/uploads\/2024\/01\/IHSM-HOUSING-300x251.png 300w, https:\/\/rubel.si\/wp-content\/uploads\/2024\/01\/IHSM-HOUSING-768x643.png 768w, https:\/\/rubel.si\/wp-content\/uploads\/2024\/01\/IHSM-HOUSING-1536x1287.png 1536w, https:\/\/rubel.si\/wp-content\/uploads\/2024\/01\/IHSM-HOUSING-2048x1716.png 2048w\" sizes=\"auto, (max-width: 1024px) 100vw, 1024px\" \/><\/a><\/figure>\n<\/div>\n<\/div>\n\n\n\n<p class=\"has-contrast-color has-text-color has-link-color has-jetbrains-mono-font-family has-medium-font-size wp-elements-10c1864dbdf9dc72d46fea2eecd0ed48\" style=\"margin-top:var(--wp--preset--spacing--10)\"><a href=\"https:\/\/www.rubel.si\/storitve\/orodja-za-tlacni-liv\/\">Stampi perpressofusione per zama<\/a><\/p>\n<\/div>\n\n\n\n<div class=\"wp-block-column is-layout-flow wp-block-column-is-layout-flow\" style=\"border-style:none;border-width:0px;padding-top:0;padding-bottom:0\">\n<div class=\"wp-block-columns is-layout-flex wp-container-core-columns-is-layout-ec2e7a44 wp-block-columns-is-layout-flex\" style=\"padding-top:0;padding-bottom:0\">\n<div class=\"wp-block-column border-radius-10 has-border-color has-contrast-2-border-color is-layout-flow wp-block-column-is-layout-flow\" style=\"border-width:1px;padding-top:var(--wp--preset--spacing--40);padding-bottom:var(--wp--preset--spacing--40)\">\n<figure class=\"wp-block-image size-large\"><a href=\"https:\/\/www.rubel.si\/storitve\/orodja-za-preoblikovanje-plocevine\/\"><img loading=\"lazy\" decoding=\"async\" width=\"1024\" height=\"800\" src=\"https:\/\/www.rubel.si\/wp-content\/uploads\/2024\/01\/KLAVDIJ-1024x800.png\" alt=\"\" class=\"wp-image-738\" style=\"aspect-ratio:1;object-fit:cover\" srcset=\"https:\/\/rubel.si\/wp-content\/uploads\/2024\/01\/KLAVDIJ-1024x800.png 1024w, https:\/\/rubel.si\/wp-content\/uploads\/2024\/01\/KLAVDIJ-300x234.png 300w, https:\/\/rubel.si\/wp-content\/uploads\/2024\/01\/KLAVDIJ-768x600.png 768w, https:\/\/rubel.si\/wp-content\/uploads\/2024\/01\/KLAVDIJ-1536x1200.png 1536w, https:\/\/rubel.si\/wp-content\/uploads\/2024\/01\/KLAVDIJ-2048x1600.png 2048w\" sizes=\"auto, (max-width: 1024px) 100vw, 1024px\" \/><\/a><\/figure>\n<\/div>\n<\/div>\n\n\n\n<p class=\"has-contrast-color has-text-color has-link-color has-jetbrains-mono-font-family has-medium-font-size wp-elements-e3d33596c9490d5b3c994820e1b42221\" style=\"margin-top:var(--wp--preset--spacing--10)\"><a href=\"https:\/\/www.rubel.si\/storitve\/orodja-za-preoblikovanje-plocevine\/\">Stampi trancia<\/a><\/p>\n<\/div>\n\n\n\n<div class=\"wp-block-column is-layout-flow wp-block-column-is-layout-flow\" style=\"border-style:none;border-width:0px;padding-top:0;padding-bottom:0\">\n<div class=\"wp-block-columns is-layout-flex wp-container-core-columns-is-layout-ec2e7a44 wp-block-columns-is-layout-flex\" style=\"padding-top:0;padding-bottom:0\">\n<div class=\"wp-block-column border-radius-10 has-border-color has-contrast-2-border-color is-layout-flow wp-block-column-is-layout-flow\" style=\"border-width:1px;padding-top:var(--wp--preset--spacing--40);padding-bottom:var(--wp--preset--spacing--40)\">\n<figure class=\"wp-block-image size-large\"><a href=\"https:\/\/www.rubel.si\/storitve\/orodja-za-aluminij\/\"><img loading=\"lazy\" decoding=\"async\" width=\"1024\" height=\"667\" src=\"http:\/\/www.rubel.si\/wp-content\/uploads\/2024\/01\/KUCISTE-PUMPE-1024x667.png\" alt=\"\" class=\"wp-image-739\" style=\"aspect-ratio:1;object-fit:cover\" srcset=\"https:\/\/rubel.si\/wp-content\/uploads\/2024\/01\/KUCISTE-PUMPE-1024x667.png 1024w, https:\/\/rubel.si\/wp-content\/uploads\/2024\/01\/KUCISTE-PUMPE-300x195.png 300w, https:\/\/rubel.si\/wp-content\/uploads\/2024\/01\/KUCISTE-PUMPE-768x500.png 768w, https:\/\/rubel.si\/wp-content\/uploads\/2024\/01\/KUCISTE-PUMPE-1536x1000.png 1536w, https:\/\/rubel.si\/wp-content\/uploads\/2024\/01\/KUCISTE-PUMPE-2048x1333.png 2048w\" sizes=\"auto, (max-width: 1024px) 100vw, 1024px\" \/><\/a><\/figure>\n<\/div>\n<\/div>\n\n\n\n<p class=\"has-contrast-color has-text-color has-link-color has-jetbrains-mono-font-family has-medium-font-size wp-elements-81db27c3ed34280d942cefd8cea56fe0\" style=\"margin-top:var(--wp--preset--spacing--10)\"><a href=\"https:\/\/www.rubel.si\/storitve\/orodja-za-aluminij\/\">Stampi per pressofusione di alluminio<\/a><\/p>\n<\/div>\n\n\n\n<div class=\"wp-block-column is-layout-flow wp-block-column-is-layout-flow\" style=\"border-style:none;border-width:0px;padding-top:0;padding-bottom:0\">\n<div class=\"wp-block-columns is-layout-flex wp-container-core-columns-is-layout-ec2e7a44 wp-block-columns-is-layout-flex\" style=\"padding-top:0;padding-bottom:0\">\n<div class=\"wp-block-column border-radius-10 has-border-color has-contrast-2-border-color is-layout-flow wp-block-column-is-layout-flow\" style=\"border-width:1px;padding-top:var(--wp--preset--spacing--40);padding-bottom:var(--wp--preset--spacing--40)\">\n<figure class=\"wp-block-image size-large\"><a href=\"https:\/\/www.rubel.si\/storitve\/orodja-za-brizganje-plasticnih-mas\/\"><img loading=\"lazy\" decoding=\"async\" width=\"1024\" height=\"800\" src=\"https:\/\/www.rubel.si\/wp-content\/uploads\/2024\/01\/NOGICA-1024x800.png\" alt=\"\" class=\"wp-image-740\" style=\"aspect-ratio:1;object-fit:cover\" srcset=\"https:\/\/rubel.si\/wp-content\/uploads\/2024\/01\/NOGICA-1024x800.png 1024w, https:\/\/rubel.si\/wp-content\/uploads\/2024\/01\/NOGICA-300x234.png 300w, https:\/\/rubel.si\/wp-content\/uploads\/2024\/01\/NOGICA-768x600.png 768w, https:\/\/rubel.si\/wp-content\/uploads\/2024\/01\/NOGICA-1536x1200.png 1536w, https:\/\/rubel.si\/wp-content\/uploads\/2024\/01\/NOGICA-2048x1600.png 2048w\" sizes=\"auto, (max-width: 1024px) 100vw, 1024px\" \/><\/a><\/figure>\n<\/div>\n<\/div>\n\n\n\n<p class=\"has-contrast-color has-text-color has-link-color has-jetbrains-mono-font-family has-medium-font-size wp-elements-5c6b407b8866c3120990e4f6d635b2cb\" style=\"margin-top:var(--wp--preset--spacing--10)\"><a href=\"https:\/\/www.rubel.si\/storitve\/orodja-za-brizganje-plasticnih-mas\/\">Stampi per iniezione materie plastiche<\/a><\/p>\n<\/div>\n\n\n\n<div class=\"wp-block-column is-layout-flow wp-block-column-is-layout-flow\" style=\"border-style:none;border-width:0px;padding-top:0;padding-bottom:0\">\n<div class=\"wp-block-columns is-layout-flex wp-container-core-columns-is-layout-ec2e7a44 wp-block-columns-is-layout-flex\" style=\"padding-top:0;padding-bottom:0\">\n<div class=\"wp-block-column border-radius-10 has-border-color has-contrast-2-border-color is-layout-flow wp-block-column-is-layout-flow\" style=\"border-width:1px;padding-top:var(--wp--preset--spacing--40);padding-bottom:var(--wp--preset--spacing--40)\">\n<figure class=\"wp-block-image size-large\"><a href=\"https:\/\/www.rubel.si\/storitve\/deli-za-strojegradnjo\/\"><img loading=\"lazy\" decoding=\"async\" width=\"1024\" height=\"800\" src=\"https:\/\/rubel.si\/wp-content\/uploads\/2024\/01\/part-1-1024x800.png\" alt=\"\" class=\"wp-image-968\" style=\"aspect-ratio:1;object-fit:cover\" srcset=\"https:\/\/rubel.si\/wp-content\/uploads\/2024\/01\/part-1-1024x800.png 1024w, https:\/\/rubel.si\/wp-content\/uploads\/2024\/01\/part-1-300x234.png 300w, https:\/\/rubel.si\/wp-content\/uploads\/2024\/01\/part-1-768x600.png 768w, https:\/\/rubel.si\/wp-content\/uploads\/2024\/01\/part-1-1536x1200.png 1536w, https:\/\/rubel.si\/wp-content\/uploads\/2024\/01\/part-1-2048x1600.png 2048w\" sizes=\"auto, (max-width: 1024px) 100vw, 1024px\" \/><\/a><\/figure>\n<\/div>\n<\/div>\n\n\n\n<p class=\"has-contrast-color has-text-color has-link-color has-jetbrains-mono-font-family has-medium-font-size wp-elements-92ed1551134bf7716830e1d24a90f105\" style=\"margin-top:var(--wp--preset--spacing--10)\"><a href=\"https:\/\/www.rubel.si\/storitve\/deli-za-strojegradnjo\/\">Componenti per industria meccanica<\/a><\/p>\n<\/div>\n\n\n\n<div class=\"wp-block-column is-layout-flow wp-block-column-is-layout-flow\" style=\"border-style:none;border-width:0px;padding-top:0;padding-bottom:0\">\n<div class=\"wp-block-columns is-layout-flex wp-container-core-columns-is-layout-ec2e7a44 wp-block-columns-is-layout-flex\" style=\"padding-top:0;padding-bottom:0\">\n<div class=\"wp-block-column border-radius-10 has-border-color has-contrast-2-border-color is-layout-flow wp-block-column-is-layout-flow\" style=\"border-width:1px;padding-top:var(--wp--preset--spacing--40);padding-bottom:var(--wp--preset--spacing--40)\">\n<figure class=\"wp-block-image size-large\"><a href=\"https:\/\/www.rubel.si\/storitve\/lasersko-varjenje\/\"><img loading=\"lazy\" decoding=\"async\" width=\"683\" height=\"1024\" src=\"https:\/\/www.rubel.si\/wp-content\/uploads\/2024\/02\/man-working-with-argon-welding-machine-garage-683x1024.jpg\" alt=\"\" class=\"wp-image-1034\" style=\"aspect-ratio:1;object-fit:cover\" srcset=\"https:\/\/rubel.si\/wp-content\/uploads\/2024\/02\/man-working-with-argon-welding-machine-garage-683x1024.jpg 683w, https:\/\/rubel.si\/wp-content\/uploads\/2024\/02\/man-working-with-argon-welding-machine-garage-200x300.jpg 200w, https:\/\/rubel.si\/wp-content\/uploads\/2024\/02\/man-working-with-argon-welding-machine-garage-768x1152.jpg 768w, https:\/\/rubel.si\/wp-content\/uploads\/2024\/02\/man-working-with-argon-welding-machine-garage-1024x1536.jpg 1024w, https:\/\/rubel.si\/wp-content\/uploads\/2024\/02\/man-working-with-argon-welding-machine-garage-1365x2048.jpg 1365w, https:\/\/rubel.si\/wp-content\/uploads\/2024\/02\/man-working-with-argon-welding-machine-garage-scaled.jpg 1707w\" sizes=\"auto, (max-width: 683px) 100vw, 683px\" \/><\/a><\/figure>\n<\/div>\n<\/div>\n\n\n\n<p class=\"has-contrast-color has-text-color has-link-color has-jetbrains-mono-font-family has-medium-font-size wp-elements-dab3fead2a82e45b8d16a2065bfb3d35\" style=\"margin-top:var(--wp--preset--spacing--10)\"><a href=\"https:\/\/www.rubel.si\/storitve\/lasersko-varjenje\/\">Riparazioni con saldatura laser e riparazione stampi<\/a><\/p>\n<\/div>\n<\/div>\n<\/div>\n\n<div class=\"wp-block-columns is-layout-flex wp-container-core-columns-is-layout-46f21d9e wp-block-columns-is-layout-flex\" style=\"margin-top:0;margin-bottom:0;padding-top:0;padding-bottom:var(--wp--preset--spacing--60)\">\n<div class=\"wp-block-column is-vertically-aligned-center sm-plr-1-25 is-layout-flow wp-block-column-is-layout-flow\" style=\"padding-left:var(--wp--preset--spacing--60)\">\n<p class=\"max-width-560\">Rubel d.o.o. \u00e8 infatti un&#8217;azienda versatile in grado di eseguire tutte le lavorazioni necessarie per la realizzazione di stampi per lo stampaggio ad iniezione. Tanti anni di esperienza ci ha permesso di padroneggiare diverse tecnologie e di poterle utilizzare nei pi\u00f9 svariati settori produttivi. In questo modo siamo davvero in grado di soddisfare ogni esigenza o richiesta del cliente, dallo sviluppo e costruzione propria dello stampo fino al prodotto finale.<\/p>\n<\/div>\n\n\n\n<div class=\"wp-block-column is-layout-flow wp-block-column-is-layout-flow\" style=\"flex-basis:55%\">\n<div class=\"wp-block-columns sm-grid-2x1 sm-plr-1-25 is-layout-flex wp-container-core-columns-is-layout-28f84493 wp-block-columns-is-layout-flex\">\n<div class=\"wp-block-column is-layout-flow wp-block-column-is-layout-flow\">\n<figure class=\"wp-block-image size-large\"><img loading=\"lazy\" decoding=\"async\" width=\"1024\" height=\"683\" src=\"https:\/\/www.rubel.si\/wp-content\/uploads\/2024\/01\/Rubel-52-1024x683.jpg\" alt=\"\" class=\"wp-image-662\" style=\"aspect-ratio:1;object-fit:cover\" srcset=\"https:\/\/rubel.si\/wp-content\/uploads\/2024\/01\/Rubel-52-1024x683.jpg 1024w, https:\/\/rubel.si\/wp-content\/uploads\/2024\/01\/Rubel-52-300x200.jpg 300w, https:\/\/rubel.si\/wp-content\/uploads\/2024\/01\/Rubel-52-768x512.jpg 768w, https:\/\/rubel.si\/wp-content\/uploads\/2024\/01\/Rubel-52-1536x1024.jpg 1536w, https:\/\/rubel.si\/wp-content\/uploads\/2024\/01\/Rubel-52-2048x1365.jpg 2048w\" sizes=\"auto, (max-width: 1024px) 100vw, 1024px\" \/><\/figure>\n<\/div>\n\n\n\n<div class=\"wp-block-column is-layout-flow wp-block-column-is-layout-flow\">\n<figure class=\"wp-block-image size-large\"><img loading=\"lazy\" decoding=\"async\" width=\"1024\" height=\"683\" src=\"https:\/\/www.rubel.si\/wp-content\/uploads\/2024\/01\/Rubel-59-1024x683.jpg\" alt=\"\" class=\"wp-image-663\" style=\"aspect-ratio:1;object-fit:cover\" srcset=\"https:\/\/rubel.si\/wp-content\/uploads\/2024\/01\/Rubel-59-1024x683.jpg 1024w, https:\/\/rubel.si\/wp-content\/uploads\/2024\/01\/Rubel-59-300x200.jpg 300w, https:\/\/rubel.si\/wp-content\/uploads\/2024\/01\/Rubel-59-768x512.jpg 768w, https:\/\/rubel.si\/wp-content\/uploads\/2024\/01\/Rubel-59-1536x1024.jpg 1536w, https:\/\/rubel.si\/wp-content\/uploads\/2024\/01\/Rubel-59-2048x1365.jpg 2048w\" sizes=\"auto, (max-width: 1024px) 100vw, 1024px\" \/><\/figure>\n<\/div>\n<\/div>\n<\/div>\n<\/div>\n\n<div class=\"wp-block-group has-contrast-3-background-color has-background has-global-padding is-layout-constrained wp-block-group-is-layout-constrained\" style=\"margin-top:0;margin-bottom:0;padding-top:var(--wp--preset--spacing--60);padding-bottom:var(--wp--preset--spacing--60)\">\n<div class=\"wp-block-columns sm-column-reverse sm-gap-1-25 is-layout-flex wp-container-core-columns-is-layout-14cf5ab5 wp-block-columns-is-layout-flex\">\n<div class=\"wp-block-column is-layout-flow wp-block-column-is-layout-flow\">\n<figure class=\"wp-block-image size-large\"><img loading=\"lazy\" decoding=\"async\" width=\"1024\" height=\"683\" src=\"https:\/\/www.rubel.si\/wp-content\/uploads\/2024\/01\/Rubel-12-1-1024x683.jpg\" alt=\"\" class=\"wp-image-669\" style=\"aspect-ratio:16\/9;object-fit:cover\" srcset=\"https:\/\/rubel.si\/wp-content\/uploads\/2024\/01\/Rubel-12-1-1024x683.jpg 1024w, https:\/\/rubel.si\/wp-content\/uploads\/2024\/01\/Rubel-12-1-300x200.jpg 300w, https:\/\/rubel.si\/wp-content\/uploads\/2024\/01\/Rubel-12-1-768x512.jpg 768w, https:\/\/rubel.si\/wp-content\/uploads\/2024\/01\/Rubel-12-1-1536x1024.jpg 1536w, https:\/\/rubel.si\/wp-content\/uploads\/2024\/01\/Rubel-12-1-2048x1365.jpg 2048w\" sizes=\"auto, (max-width: 1024px) 100vw, 1024px\" \/><\/figure>\n<\/div>\n\n\n\n<div class=\"wp-block-column is-vertically-aligned-center is-layout-flow wp-block-column-is-layout-flow\">\n<p class=\"max-width-560\">Prima della realizzazione di ogni progetto, ci concentriamo su un\u2019analisi tecnica dettagliata. Lo sviluppo dello stampo coincide con lo sviluppo del prodotto, in modo da offrire al cliente la migliore soluzione possibile. La stessa cura ed attenzione che viene riservata agli stampi viene applicata anche ai singoli cicli di lavorazione eseguiti secondo i disegni.<\/p>\n<\/div>\n<\/div>\n\n\n\n<div class=\"wp-block-columns sm-reverse-mobile sm-gap-1-25 is-layout-flex wp-container-core-columns-is-layout-02170411 wp-block-columns-is-layout-flex\" style=\"padding-top:var(--wp--preset--spacing--20)\">\n<div class=\"wp-block-column is-layout-flow wp-block-column-is-layout-flow\">\n<figure class=\"wp-block-image size-large\"><img loading=\"lazy\" decoding=\"async\" width=\"1024\" height=\"683\" src=\"https:\/\/www.rubel.si\/wp-content\/uploads\/2024\/01\/Rubel-29-1024x683.jpg\" alt=\"\" class=\"wp-image-673\" style=\"aspect-ratio:16\/9;object-fit:cover\" srcset=\"https:\/\/rubel.si\/wp-content\/uploads\/2024\/01\/Rubel-29-1024x683.jpg 1024w, https:\/\/rubel.si\/wp-content\/uploads\/2024\/01\/Rubel-29-300x200.jpg 300w, https:\/\/rubel.si\/wp-content\/uploads\/2024\/01\/Rubel-29-768x512.jpg 768w, https:\/\/rubel.si\/wp-content\/uploads\/2024\/01\/Rubel-29-1536x1024.jpg 1536w, https:\/\/rubel.si\/wp-content\/uploads\/2024\/01\/Rubel-29-2048x1365.jpg 2048w\" sizes=\"auto, (max-width: 1024px) 100vw, 1024px\" \/><\/figure>\n<\/div>\n\n\n\n<div class=\"wp-block-column is-vertically-aligned-center is-layout-flow wp-block-column-is-layout-flow\">\n<p class=\"max-width-560\">Nella nostra attivit\u00e0 uniamo la tradizione e innovazione. L&#8217;esperienza acquisita consente all&#8217;azienda di produrre stampi per i pi\u00f9 svariati settori produttivi destinati alla alta produzione. Un punto di forza \u00e8 che diamo al cliente la possibilit\u00e0 di realizzare prodotti esigenti, tenendo conto della qualit\u00e0 desiderata durante tutto il ciclo produttivo dello stampo e riducendo al minimo gli interventi di manutenzione. Tecnologie all&#8217;avanguardia in combinazione con solide basi tecniche e una ricca esperienza ci consentono di ottenere sempre il miglior risultato, sia nella produzione di stampi che nella lavorazione meccanica di componenti per industria meccanica basate su disegni.<\/p>\n<\/div>\n<\/div>\n\n\n\n<div class=\"wp-block-columns sm-reverse-mobile sm-gap-1-25 is-layout-flex wp-container-core-columns-is-layout-02170411 wp-block-columns-is-layout-flex\" style=\"padding-top:var(--wp--preset--spacing--20)\">\n<div class=\"wp-block-column is-layout-flow wp-block-column-is-layout-flow\">\n<figure class=\"wp-block-image size-large\"><img loading=\"lazy\" decoding=\"async\" width=\"1024\" height=\"683\" src=\"https:\/\/www.rubel.si\/wp-content\/uploads\/2024\/01\/Rubel-54-1024x683.jpg\" alt=\"\" class=\"wp-image-675\" style=\"aspect-ratio:16\/9;object-fit:cover\" srcset=\"https:\/\/rubel.si\/wp-content\/uploads\/2024\/01\/Rubel-54-1024x683.jpg 1024w, https:\/\/rubel.si\/wp-content\/uploads\/2024\/01\/Rubel-54-300x200.jpg 300w, https:\/\/rubel.si\/wp-content\/uploads\/2024\/01\/Rubel-54-768x512.jpg 768w, https:\/\/rubel.si\/wp-content\/uploads\/2024\/01\/Rubel-54-1536x1024.jpg 1536w, https:\/\/rubel.si\/wp-content\/uploads\/2024\/01\/Rubel-54-2048x1365.jpg 2048w\" sizes=\"auto, (max-width: 1024px) 100vw, 1024px\" \/><\/figure>\n<\/div>\n\n\n\n<div class=\"wp-block-column is-vertically-aligned-center is-layout-flow wp-block-column-is-layout-flow\">\n<p class=\"max-width-560\">Dal 2019 offriamo anche il servizio di saldatura laser. I nostri servizi includono riparazioni con saldatura laser e saldature TIG. Offriamo la saldatura di vari materiali con un laser moderno che, oltre ad un operatore istruito, \u00e8 la chiave per una saldatura precisa, veloce e di alta qualit\u00e0.<\/p>\n<\/div>\n<\/div>\n<\/div>\n\n<div class=\"wp-block-group has-global-padding is-layout-constrained wp-block-group-is-layout-constrained\" style=\"margin-top:0;margin-bottom:0;padding-top:var(--wp--preset--spacing--60);padding-bottom:var(--wp--preset--spacing--60)\">\n<div class=\"wp-block-columns are-vertically-aligned-center sm-inset-padd-1 has-contrast-background-color has-background is-layout-flex wp-container-core-columns-is-layout-07b7b7eb wp-block-columns-is-layout-flex\" style=\"padding-top:0;padding-right:0;padding-bottom:0;padding-left:0\">\n<div class=\"wp-block-column is-vertically-aligned-center sm-padd-0 has-base-color has-text-color has-link-color wp-elements-3b23b4bc9f728723c0b1724357fbe798 is-layout-flow wp-block-column-is-layout-flow\" style=\"padding-left:var(--wp--preset--spacing--40)\">\n<h2 class=\"wp-block-heading\">RICHIEDI UNA OFFERTA GRATUITA<\/h2>\n\n\n\n<p>Per ottenere un offerta gratuita, invia semplicemente una richiesta e uno dei nostri venditori esperti ti contatter\u00e0 a breve.<\/p>\n<\/div>\n\n\n\n<div class=\"wp-block-column is-vertically-aligned-center flex justify-content-center has-accent-background-color has-background is-layout-flow wp-block-column-is-layout-flow\" style=\"flex-basis:95px\">\n<a class=\"link-btn\" href=\"https:\/\/www.rubel.si\/kontakt\/\">\n<\/a>\n\n\n<div class=\"wp-block-group flex col-hover is-vertical is-content-justification-center is-nowrap is-layout-flex wp-container-core-group-is-layout-96cd8828 wp-block-group-is-layout-flex\" style=\"padding-top:var(--wp--preset--spacing--30);padding-bottom:var(--wp--preset--spacing--30)\">\n<i class=\"fa-solid fa-arrow-right right-video\"><\/i>\n\n\n\n<p class=\"vertical-text has-base-color has-text-color has-link-color has-jetbrains-mono-font-family has-large-font-size wp-elements-1141bcf6d02bb646b0aad2a708831280\"><strong>scopri di pi\u00f9<\/strong><\/p>\n<\/div>\n\n\n\n\n<\/div>\n<\/div>\n<\/div>\n","protected":false},"excerpt":{"rendered":"<p>SERVIZI La nostra azienda si concentra sul settore della produzione di stampi. Il nostro campo di attivit\u00e0 pi\u00f9 importante comprende la produzione di stampi per lo stampaggio a iniezione di materie plastiche, pressofusione di zama e alluminio e stampi per stampagio della lamiera. La nostra attivit\u00e0 principale la uniamo con la produzione di varie componenti [&hellip;]<\/p>\n","protected":false},"author":2,"featured_media":0,"parent":0,"menu_order":0,"comment_status":"closed","ping_status":"closed","template":"","meta":{"inline_featured_image":false,"footnotes":""},"class_list":["post-1730","page","type-page","status-publish","hentry"],"_links":{"self":[{"href":"https:\/\/rubel.si\/it\/wp-json\/wp\/v2\/pages\/1730","targetHints":{"allow":["GET"]}}],"collection":[{"href":"https:\/\/rubel.si\/it\/wp-json\/wp\/v2\/pages"}],"about":[{"href":"https:\/\/rubel.si\/it\/wp-json\/wp\/v2\/types\/page"}],"author":[{"embeddable":true,"href":"https:\/\/rubel.si\/it\/wp-json\/wp\/v2\/users\/2"}],"replies":[{"embeddable":true,"href":"https:\/\/rubel.si\/it\/wp-json\/wp\/v2\/comments?post=1730"}],"version-history":[{"count":1,"href":"https:\/\/rubel.si\/it\/wp-json\/wp\/v2\/pages\/1730\/revisions"}],"predecessor-version":[{"id":1731,"href":"https:\/\/rubel.si\/it\/wp-json\/wp\/v2\/pages\/1730\/revisions\/1731"}],"wp:attachment":[{"href":"https:\/\/rubel.si\/it\/wp-json\/wp\/v2\/media?parent=1730"}],"curies":[{"name":"wp","href":"https:\/\/api.w.org\/{rel}","templated":true}]}}