{"id":1598,"date":"2024-01-21T16:54:41","date_gmt":"2024-01-21T16:54:41","guid":{"rendered":"https:\/\/rubel.si\/parco-macchine\/"},"modified":"2024-04-19T06:47:25","modified_gmt":"2024-04-19T06:47:25","slug":"parco-macchine","status":"publish","type":"page","link":"https:\/\/rubel.si\/it\/parco-macchine\/","title":{"rendered":"Parco macchine"},"content":{"rendered":"\n<div class=\"wp-block-group sm-inset-padd-1 sm-pt-2 sm-pb-2 has-accent-background-color has-background is-layout-flow wp-block-group-is-layout-flow\" style=\"padding-top:var(--wp--preset--spacing--50);padding-left:var(--wp--preset--spacing--40)\">\n<div class=\"wp-block-columns sm-gap-1-25 is-layout-flex wp-container-core-columns-is-layout-14cf5ab5 wp-block-columns-is-layout-flex\">\n<div class=\"wp-block-column is-vertically-aligned-top sm-pb-0 is-layout-flow wp-block-column-is-layout-flow\" style=\"padding-bottom:var(--wp--preset--spacing--50)\"><h1 style=\"font-style:normal;font-weight:300;text-transform:uppercase; padding-bottom:var(--wp--preset--spacing--50);\" class=\"has-link-color sm-mb-1-5 sm-pb-0 wp-elements-741fe11b06263b8a97bf05226a0f68d7 wp-block-post-title has-text-color has-base-color has-max-60-font-size\">Parco macchine<\/h1>\n\n\n<p class=\"max-width-560 sm-pt-0 sm-mt-0 has-base-color has-text-color has-link-color wp-elements-ceaed6e2db4c5f8aadd58359a493ce99\" style=\"padding-top:var(--wp--preset--spacing--60)\">Nella nostra azienda Rubel siamo orgogliosi del nostro parco macchine avanzato, che ci consente di lavorare vari materiali in modo altamente tecnologico e preciso. Con investimenti costanti nelle tecnologie pi\u00f9 recenti, seguiamo i pi\u00f9 alti standard di qualit\u00e0 ed efficienza. Comprendiamo che l&#8217;innovazione \u00e8 la chiave del successo, ecco perch\u00e9 abbiamo dotato il nostro parco macchine di molti dispositivi chiave che consentono una produzione superiore.<\/p>\n<\/div>\n\n\n\n<div class=\"wp-block-column is-vertically-aligned-bottom is-layout-flow wp-block-column-is-layout-flow\" style=\"flex-basis:66.66%\">\n<figure class=\"wp-block-image size-full\"><img loading=\"lazy\" decoding=\"async\" width=\"2560\" height=\"1707\" src=\"https:\/\/www.rubel.si\/wp-content\/uploads\/2024\/01\/Rubel-41-scaled.jpg\" alt=\"\" class=\"wp-image-619\" style=\"aspect-ratio:16\/9;object-fit:cover\" srcset=\"https:\/\/rubel.si\/wp-content\/uploads\/2024\/01\/Rubel-41-scaled.jpg 2560w, https:\/\/rubel.si\/wp-content\/uploads\/2024\/01\/Rubel-41-300x200.jpg 300w, https:\/\/rubel.si\/wp-content\/uploads\/2024\/01\/Rubel-41-1024x683.jpg 1024w, https:\/\/rubel.si\/wp-content\/uploads\/2024\/01\/Rubel-41-768x512.jpg 768w, https:\/\/rubel.si\/wp-content\/uploads\/2024\/01\/Rubel-41-1536x1024.jpg 1536w, https:\/\/rubel.si\/wp-content\/uploads\/2024\/01\/Rubel-41-2048x1365.jpg 2048w\" sizes=\"auto, (max-width: 2560px) 100vw, 2560px\" \/><\/figure>\n<\/div>\n<\/div>\n<\/div>\n\n\n\n<div class=\"wp-block-group has-contrast-background-color has-background has-global-padding is-layout-constrained wp-block-group-is-layout-constrained\" style=\"margin-top:0;padding-top:var(--wp--preset--spacing--60);padding-bottom:var(--wp--preset--spacing--60)\">\n<div class=\"wp-block-columns is-layout-flex wp-container-core-columns-is-layout-7fc3d43a wp-block-columns-is-layout-flex\">\n<div class=\"wp-block-column is-vertically-aligned-center has-base-color has-text-color has-link-color wp-elements-b9a12339d586e7f8a465cfcb789143b0 is-layout-flow wp-block-column-is-layout-flow\" style=\"flex-basis:40%\">\n<p>La nostra forza tecnologica si riflette nella forza trainante del nostro parco macchine all&#8217;avanguardia.<br><br>Un parco macchine dotato delle pi\u00f9 avanzate tecnologie di lavorazione dallo sviluppo alla produzione degli stampi \u00e8 fondamentale in quanto ci consente di mantenere un elevato livello di flessibilit\u00e0 e velocit\u00e0 nella realizzazione dei progetti. In questo modo stabiliamo nuovi standard e soddisfiamo le aspettative nel dinamico mondo della produzione industriale. Il nostro hardware e software sono costantemente aggiornati e rinnovati per raggiungere sempre la qualit\u00e0 e la precisione richiesta. Alta tecnologia equipaggiata secondo linee guida, interconnessione e alta professionalit\u00e0 sono ulteriori tasselli del puzzle che compongono un ottimo risultato finale.<\/p>\n<\/div>\n\n\n\n<div class=\"wp-block-column is-layout-flow wp-block-column-is-layout-flow\">\n<figure class=\"wp-block-image size-full is-resized\"><img loading=\"lazy\" decoding=\"async\" width=\"596\" height=\"419\" src=\"https:\/\/www.rubel.si\/wp-content\/uploads\/2024\/01\/5-osni-removebg-preview.png\" alt=\"\" class=\"wp-image-760\" style=\"width:810px;height:auto\" srcset=\"https:\/\/rubel.si\/wp-content\/uploads\/2024\/01\/5-osni-removebg-preview.png 596w, https:\/\/rubel.si\/wp-content\/uploads\/2024\/01\/5-osni-removebg-preview-300x211.png 300w\" sizes=\"auto, (max-width: 596px) 100vw, 596px\" \/><\/figure>\n<\/div>\n<\/div>\n<\/div>\n\n\n\n<div class=\"wp-block-group has-global-padding is-layout-constrained wp-block-group-is-layout-constrained\" style=\"padding-top:var(--wp--preset--spacing--60);padding-bottom:var(--wp--preset--spacing--10)\">\n<h2 class=\"wp-block-heading\">PARCO MACCHINE<\/h2>\n<\/div>\n\n\n\n<div class=\"wp-block-group after-bg relative has-background has-global-padding is-layout-constrained wp-block-group-is-layout-constrained\" style=\"background:linear-gradient(90deg,rgb(255,255,255) 13%,rgb(230,235,239) 13%);padding-top:132px;padding-bottom:132px\">\n<div class=\"wp-block-getwid-content-slider has-arrows-outside has-dots-inside stroji-slider relative\" data-arrows=\"outside\" data-slides-show=\"4\"><div class=\"wp-block-getwid-content-slider__wrapper\">\n<div class=\"wp-block-getwid-content-slider-slide\"><div class=\"wp-block-getwid-content-slider-slide__wrapper\">\n<div class=\"wp-block-columns is-layout-flex wp-container-core-columns-is-layout-28f84493 wp-block-columns-is-layout-flex\">\n<div class=\"wp-block-column is-layout-flow wp-block-column-is-layout-flow\">\n<figure class=\"wp-block-image size-full\"><img loading=\"lazy\" decoding=\"async\" width=\"600\" height=\"422\" src=\"https:\/\/www.rubel.si\/wp-content\/uploads\/2024\/01\/5-osni.jpg\" alt=\"\" class=\"wp-image-628\" style=\"aspect-ratio:3\/4;object-fit:cover\" srcset=\"https:\/\/rubel.si\/wp-content\/uploads\/2024\/01\/5-osni.jpg 600w, https:\/\/rubel.si\/wp-content\/uploads\/2024\/01\/5-osni-300x211.jpg 300w\" sizes=\"auto, (max-width: 600px) 100vw, 600px\" \/><\/figure>\n\n\n\n<div class=\"wp-block-columns mt--3 is-layout-flex wp-container-core-columns-is-layout-c94f6fa2 wp-block-columns-is-layout-flex\" style=\"margin-top:0;padding-top:0;padding-right:0;padding-bottom:0;padding-left:0\">\n<div class=\"wp-block-column has-base-color has-accent-background-color has-text-color has-background has-link-color wp-elements-22a9de628dd198d7b422a430ce8d23e0 is-layout-flow wp-block-column-is-layout-flow\" style=\"padding-top:var(--wp--preset--spacing--20);padding-right:var(--wp--preset--spacing--20);padding-bottom:var(--wp--preset--spacing--20);padding-left:var(--wp--preset--spacing--20);flex-basis:77%\">\n<h3 class=\"wp-block-heading has-large-font-size\" style=\"line-height:1.5\">Centri di lavoro a 5 assi<\/h3>\n\n\n\n<p style=\"margin-top:var(--wp--preset--spacing--10)\">&#8211; HERMLE C 42 U <br>&#8211; HERMLE C 42 U <br>&#8211; HERMLE C 22 U <br>&#8211; FILATORE U 1530<\/p>\n<\/div>\n<\/div>\n<\/div>\n<\/div>\n<\/div><\/div>\n\n\n\n<div class=\"wp-block-getwid-content-slider-slide\"><div class=\"wp-block-getwid-content-slider-slide__wrapper\">\n<div class=\"wp-block-columns is-layout-flex wp-container-core-columns-is-layout-28f84493 wp-block-columns-is-layout-flex\">\n<div class=\"wp-block-column is-layout-flow wp-block-column-is-layout-flow\">\n<figure class=\"wp-block-image size-full\"><img loading=\"lazy\" decoding=\"async\" width=\"945\" height=\"772\" src=\"https:\/\/www.rubel.si\/wp-content\/uploads\/2024\/01\/3-osni-2.jpg\" alt=\"\" class=\"wp-image-633\" style=\"aspect-ratio:3\/4;object-fit:cover\" srcset=\"https:\/\/rubel.si\/wp-content\/uploads\/2024\/01\/3-osni-2.jpg 945w, https:\/\/rubel.si\/wp-content\/uploads\/2024\/01\/3-osni-2-300x245.jpg 300w, https:\/\/rubel.si\/wp-content\/uploads\/2024\/01\/3-osni-2-768x627.jpg 768w\" sizes=\"auto, (max-width: 945px) 100vw, 945px\" \/><\/figure>\n\n\n\n<div class=\"wp-block-columns mt--3 is-layout-flex wp-container-core-columns-is-layout-c94f6fa2 wp-block-columns-is-layout-flex\" style=\"margin-top:0;padding-top:0;padding-right:0;padding-bottom:0;padding-left:0\">\n<div class=\"wp-block-column has-base-color has-accent-background-color has-text-color has-background has-link-color wp-elements-9dce904842c52c4e4eeb2118358e21aa is-layout-flow wp-block-column-is-layout-flow\" style=\"padding-top:var(--wp--preset--spacing--20);padding-right:var(--wp--preset--spacing--20);padding-bottom:var(--wp--preset--spacing--20);padding-left:var(--wp--preset--spacing--20);flex-basis:77%\">\n<h3 class=\"wp-block-heading has-large-font-size\" style=\"line-height:1.5\">Centri di lavoro a 3 assi<\/h3>\n\n\n\n<p style=\"margin-top:var(--wp--preset--spacing--10)\">&#8211; SPINNER VC 1150 <br>&#8211; SPINNER VC 1150 <br>&#8211; FILATORE U- 620<br>&#8211; MAXIMART V-11-H <br>&#8211; ISPER HSP<\/p>\n<\/div>\n<\/div>\n<\/div>\n<\/div>\n<\/div><\/div>\n\n\n\n<div class=\"wp-block-getwid-content-slider-slide\"><div class=\"wp-block-getwid-content-slider-slide__wrapper\">\n<div class=\"wp-block-columns is-layout-flex wp-container-core-columns-is-layout-28f84493 wp-block-columns-is-layout-flex\">\n<div class=\"wp-block-column is-layout-flow wp-block-column-is-layout-flow\">\n<figure class=\"wp-block-image size-full\"><img loading=\"lazy\" decoding=\"async\" width=\"478\" height=\"481\" src=\"https:\/\/www.rubel.si\/wp-content\/uploads\/2024\/01\/Z\u2560iic\u2560ine-erozije.jpg\" alt=\"\" class=\"wp-image-637\" style=\"aspect-ratio:3\/4;object-fit:cover\" srcset=\"https:\/\/rubel.si\/wp-content\/uploads\/2024\/01\/Z\u2560iic\u2560ine-erozije.jpg 478w, https:\/\/rubel.si\/wp-content\/uploads\/2024\/01\/Z\u2560iic\u2560ine-erozije-298x300.jpg 298w, https:\/\/rubel.si\/wp-content\/uploads\/2024\/01\/Z\u2560iic\u2560ine-erozije-150x150.jpg 150w\" sizes=\"auto, (max-width: 478px) 100vw, 478px\" \/><\/figure>\n\n\n\n<div class=\"wp-block-columns mt--3 is-layout-flex wp-container-core-columns-is-layout-c94f6fa2 wp-block-columns-is-layout-flex\" style=\"margin-top:0;padding-top:0;padding-right:0;padding-bottom:0;padding-left:0\">\n<div class=\"wp-block-column has-base-color has-accent-background-color has-text-color has-background has-link-color wp-elements-a638643a8e9d722bd42ebea4cb83bbfc is-layout-flow wp-block-column-is-layout-flow\" style=\"padding-top:var(--wp--preset--spacing--20);padding-right:var(--wp--preset--spacing--20);padding-bottom:var(--wp--preset--spacing--20);padding-left:var(--wp--preset--spacing--20);flex-basis:77%\">\n<h3 class=\"wp-block-heading has-large-font-size\" style=\"line-height:1.5\">Elettroerosione a filo<\/h3>\n\n\n\n<p>&#8211; SODICK ALC400 G<br>&#8211; ACCUTEX AU-500iA<\/p>\n<\/div>\n<\/div>\n<\/div>\n<\/div>\n<\/div><\/div>\n\n\n\n<div class=\"wp-block-getwid-content-slider-slide\"><div class=\"wp-block-getwid-content-slider-slide__wrapper\">\n<div class=\"wp-block-columns is-layout-flex wp-container-core-columns-is-layout-28f84493 wp-block-columns-is-layout-flex\">\n<div class=\"wp-block-column is-layout-flow wp-block-column-is-layout-flow\">\n<figure class=\"wp-block-image size-full\"><img loading=\"lazy\" decoding=\"async\" width=\"500\" height=\"505\" src=\"https:\/\/www.rubel.si\/wp-content\/uploads\/2024\/01\/Agie-Charmilles-Roboform-550S.jpg\" alt=\"\" class=\"wp-image-959\" style=\"aspect-ratio:3\/4;object-fit:cover\" srcset=\"https:\/\/rubel.si\/wp-content\/uploads\/2024\/01\/Agie-Charmilles-Roboform-550S.jpg 500w, https:\/\/rubel.si\/wp-content\/uploads\/2024\/01\/Agie-Charmilles-Roboform-550S-297x300.jpg 297w\" sizes=\"auto, (max-width: 500px) 100vw, 500px\" \/><\/figure>\n\n\n\n<div class=\"wp-block-columns mt--3 is-layout-flex wp-container-core-columns-is-layout-c94f6fa2 wp-block-columns-is-layout-flex\" style=\"margin-top:0;padding-top:0;padding-right:0;padding-bottom:0;padding-left:0\">\n<div class=\"wp-block-column has-base-color has-accent-background-color has-text-color has-background has-link-color wp-elements-c9a288870931828be4530c3e83e191b4 is-layout-flow wp-block-column-is-layout-flow\" style=\"padding-top:var(--wp--preset--spacing--20);padding-right:var(--wp--preset--spacing--20);padding-bottom:var(--wp--preset--spacing--20);padding-left:var(--wp--preset--spacing--20);flex-basis:77%\">\n<h3 class=\"wp-block-heading has-large-font-size\" style=\"line-height:1.5\">Elettroerosione a tuffo<\/h3>\n\n\n\n<p style=\"margin-top:var(--wp--preset--spacing--10)\">&#8211; ROVELLA BF74 SPAZIO<br>&#8211; AGIE CHARMILLES ROBOFORM 550S<\/p>\n<\/div>\n<\/div>\n<\/div>\n<\/div>\n<\/div><\/div>\n<\/div><\/div>\n\n\n\n<div class=\"wp-block-columns relative z-index-999 mt--4 is-layout-flex wp-container-core-columns-is-layout-28f84493 wp-block-columns-is-layout-flex\">\n<div class=\"wp-block-column is-layout-flow wp-block-column-is-layout-flow\"><\/div>\n\n\n\n<div class=\"wp-block-column sm-mt-2 has-base-color has-accent-background-color has-text-color has-background has-link-color wp-elements-456ca58354514c10a48a39918e4f60d8 is-layout-flow wp-block-column-is-layout-flow\" style=\"padding-top:var(--wp--preset--spacing--10);padding-right:var(--wp--preset--spacing--10);padding-bottom:var(--wp--preset--spacing--10);padding-left:var(--wp--preset--spacing--10);flex-basis:600px\">\n<div class=\"wp-block-group is-nowrap is-layout-flex wp-container-core-group-is-layout-f66f9956 wp-block-group-is-layout-flex\">\n<h3 class=\"wp-block-heading has-large-font-size wp-container-content-b04ba3db\">Altre macchine<\/h3>\n\n\n\n<p>&#8211; 3D MACCHINA DI MISURA A COORDINATE GAMMA 1202 <br>\u2013 2x RETTIFICATRICE PIANA DIM 250X600 <br>\u2013 TORINO DIM 350&#215;1500 <br>&#8211; RETTIFICATRICI PER INTERNI DIM 200X500<\/p>\n<\/div>\n<\/div>\n<\/div>\n<\/div>\n\n\n\n<div class=\"wp-block-group has-global-padding is-layout-constrained wp-block-group-is-layout-constrained\" style=\"padding-top:var(--wp--preset--spacing--60);padding-bottom:var(--wp--preset--spacing--60)\">\n<div class=\"wp-block-columns is-layout-flex wp-container-core-columns-is-layout-28f84493 wp-block-columns-is-layout-flex\">\n<div class=\"wp-block-column is-layout-flow wp-block-column-is-layout-flow\">\n<h2 class=\"wp-block-heading\">PROGRAMMAZIONE<\/h2>\n<\/div>\n\n\n\n<div class=\"wp-block-column is-layout-flow wp-block-column-is-layout-flow\">\n<p>Nel nostro ambiente di lavoro ci affidiamo attivamente alle pi\u00f9 recenti soluzioni software che ci consentono di ottimizzare i processi produttivi.<\/p>\n\n\n\n<p>Questo uso continuo delle moderne tecnologie \u00e8 fondamentale per garantire la massima qualit\u00e0 nello svolgimento delle nostre attivit\u00e0.<\/p>\n<\/div>\n<\/div>\n\n\n\n<div class=\"wp-block-columns is-not-stacked-on-mobile sm-grid-2x2 sm-pt-1 is-layout-flex wp-container-core-columns-is-layout-73190151 wp-block-columns-is-layout-flex\" style=\"padding-top:var(--wp--preset--spacing--40);padding-bottom:0\">\n<div class=\"wp-block-column is-layout-flow wp-block-column-is-layout-flow\">\n<figure class=\"wp-block-image size-full\"><img loading=\"lazy\" decoding=\"async\" width=\"578\" height=\"134\" src=\"https:\/\/www.rubel.si\/wp-content\/uploads\/2024\/01\/solidworks-seeklogo-e1706611116601.png\" alt=\"\" class=\"wp-image-764\" style=\"object-fit:cover\" srcset=\"https:\/\/rubel.si\/wp-content\/uploads\/2024\/01\/solidworks-seeklogo-e1706611116601.png 578w, https:\/\/rubel.si\/wp-content\/uploads\/2024\/01\/solidworks-seeklogo-e1706611116601-300x70.png 300w\" sizes=\"auto, (max-width: 578px) 100vw, 578px\" \/><\/figure>\n<\/div>\n\n\n\n<div class=\"wp-block-column is-layout-flow wp-block-column-is-layout-flow\">\n<figure class=\"wp-block-image size-full\"><img decoding=\"async\" src=\"https:\/\/www.rubel.si\/wp-content\/uploads\/2024\/01\/SolidCAM_Logo_the-platform-for-manufacturing.svg\" alt=\"\" class=\"wp-image-765\"\/><\/figure>\n<\/div>\n\n\n\n<div class=\"wp-block-column is-layout-flow wp-block-column-is-layout-flow\">\n<figure class=\"wp-block-image size-full\"><img loading=\"lazy\" decoding=\"async\" width=\"1145\" height=\"240\" src=\"https:\/\/www.rubel.si\/wp-content\/uploads\/2024\/01\/02a38eb8cb6993566c0599801157e9a3.png\" alt=\"\" class=\"wp-image-762\" srcset=\"https:\/\/rubel.si\/wp-content\/uploads\/2024\/01\/02a38eb8cb6993566c0599801157e9a3.png 1145w, https:\/\/rubel.si\/wp-content\/uploads\/2024\/01\/02a38eb8cb6993566c0599801157e9a3-300x63.png 300w, https:\/\/rubel.si\/wp-content\/uploads\/2024\/01\/02a38eb8cb6993566c0599801157e9a3-1024x215.png 1024w, https:\/\/rubel.si\/wp-content\/uploads\/2024\/01\/02a38eb8cb6993566c0599801157e9a3-768x161.png 768w\" sizes=\"auto, (max-width: 1145px) 100vw, 1145px\" \/><\/figure>\n<\/div>\n\n\n\n<div class=\"wp-block-column is-layout-flow wp-block-column-is-layout-flow\">\n<figure class=\"wp-block-image size-full is-resized height-unset\"><img loading=\"lazy\" decoding=\"async\" width=\"1417\" height=\"523\" src=\"https:\/\/www.rubel.si\/wp-content\/uploads\/2024\/01\/dcam-logo.png\" alt=\"\" class=\"wp-image-763\" style=\"width:auto;height:80px\" srcset=\"https:\/\/rubel.si\/wp-content\/uploads\/2024\/01\/dcam-logo.png 1417w, https:\/\/rubel.si\/wp-content\/uploads\/2024\/01\/dcam-logo-300x111.png 300w, https:\/\/rubel.si\/wp-content\/uploads\/2024\/01\/dcam-logo-1024x378.png 1024w, https:\/\/rubel.si\/wp-content\/uploads\/2024\/01\/dcam-logo-768x283.png 768w\" sizes=\"auto, (max-width: 1417px) 100vw, 1417px\" \/><\/figure>\n<\/div>\n<\/div>\n<\/div>\n","protected":false},"excerpt":{"rendered":"<p>Nella nostra azienda Rubel siamo orgogliosi del nostro parco macchine avanzato, che ci consente di lavorare vari materiali in modo altamente tecnologico e preciso. Con investimenti costanti nelle tecnologie pi\u00f9 recenti, seguiamo i pi\u00f9 alti standard di qualit\u00e0 ed efficienza. Comprendiamo che l&#8217;innovazione \u00e8 la chiave del successo, ecco perch\u00e9 abbiamo dotato il nostro parco [&hellip;]<\/p>\n","protected":false},"author":1,"featured_media":0,"parent":0,"menu_order":0,"comment_status":"closed","ping_status":"closed","template":"","meta":{"inline_featured_image":false,"footnotes":""},"class_list":["post-1598","page","type-page","status-publish","hentry"],"_links":{"self":[{"href":"https:\/\/rubel.si\/it\/wp-json\/wp\/v2\/pages\/1598","targetHints":{"allow":["GET"]}}],"collection":[{"href":"https:\/\/rubel.si\/it\/wp-json\/wp\/v2\/pages"}],"about":[{"href":"https:\/\/rubel.si\/it\/wp-json\/wp\/v2\/types\/page"}],"author":[{"embeddable":true,"href":"https:\/\/rubel.si\/it\/wp-json\/wp\/v2\/users\/1"}],"replies":[{"embeddable":true,"href":"https:\/\/rubel.si\/it\/wp-json\/wp\/v2\/comments?post=1598"}],"version-history":[{"count":5,"href":"https:\/\/rubel.si\/it\/wp-json\/wp\/v2\/pages\/1598\/revisions"}],"predecessor-version":[{"id":2724,"href":"https:\/\/rubel.si\/it\/wp-json\/wp\/v2\/pages\/1598\/revisions\/2724"}],"wp:attachment":[{"href":"https:\/\/rubel.si\/it\/wp-json\/wp\/v2\/media?parent=1598"}],"curies":[{"name":"wp","href":"https:\/\/api.w.org\/{rel}","templated":true}]}}