{"id":2018,"date":"2024-04-07T22:07:36","date_gmt":"2024-04-07T22:07:36","guid":{"rendered":"https:\/\/rubel.si\/contact-2\/"},"modified":"2024-04-11T16:55:34","modified_gmt":"2024-04-11T16:55:34","slug":"contact-2","status":"publish","type":"page","link":"https:\/\/rubel.si\/en\/contact-2\/","title":{"rendered":"Contact"},"content":{"rendered":"\n<div class=\"wp-block-group has-global-padding is-layout-constrained wp-block-group-is-layout-constrained\" style=\"padding-top:var(--wp--preset--spacing--40);padding-bottom:var(--wp--preset--spacing--50)\">\n<div class=\"wp-block-columns is-layout-flex wp-container-core-columns-is-layout-28f84493 wp-block-columns-is-layout-flex\">\n<div class=\"wp-block-column is-layout-flow wp-block-column-is-layout-flow\" style=\"flex-basis:33.33%\">\n<h2 class=\"wp-block-heading\" style=\"margin-top:0;margin-bottom:var(--wp--preset--spacing--30)\">CONTACT<\/h2>\n<\/div>\n\n\n\n<div class=\"wp-block-column is-layout-flow wp-block-column-is-layout-flow\" style=\"flex-basis:66.66%\"><\/div>\n<\/div>\n\n\n\n<div class=\"wp-block-columns is-layout-flex wp-container-core-columns-is-layout-28f84493 wp-block-columns-is-layout-flex\">\n<div class=\"wp-block-column is-layout-flow wp-block-column-is-layout-flow\" style=\"flex-basis:33.33%\">\n<h3 class=\"wp-block-heading\" style=\"font-size:clamp(14.082px, 0.88rem + ((1vw - 3.2px) * 0.54), 21px);\">Registered office<\/h3>\n\n\n\n<p>Rubel d.o.o.  <br\/>Zgornje \u0160kofije 3b<br\/>6281 \u0160kofije Slovenia (EU)  <br\/><br\/>T: <a href=\"tel:(05)%20654%200%20723\">(05) 654 0 723 <\/a> <br\/>E: <a href=\"mailto:info@rubel.si\">info@rubel.si<\/a><\/p>\n\n\n\n<h3 class=\"wp-block-heading\" style=\"margin-top:var(--wp--preset--spacing--40);font-size:clamp(14.082px, 0.88rem + ((1vw - 3.2px) * 0.54), 21px);\">Production<\/h3>\n\n\n\n<p>Gabrovica pri \u010crnem Kalu 18a<br\/>6275 \u010crni Kal<br\/>Slovenia (EU)<br\/><br\/>Registration number: 3607437000<br\/>VAT ID No.: SI91089468  <br\/>Since 2009<\/p>\n<\/div>\n\n\n\n<div class=\"wp-block-column has-accent-background-color has-background is-layout-flow wp-block-column-is-layout-flow\" style=\"padding-top:var(--wp--preset--spacing--30);padding-right:var(--wp--preset--spacing--50);padding-bottom:var(--wp--preset--spacing--30);padding-left:var(--wp--preset--spacing--50);flex-basis:66.66%\">\n<div class=\"wp-block-contact-form-7-contact-form-selector\">\n<div class=\"wpcf7 no-js\" id=\"wpcf7-f2000-o1\" lang=\"\" dir=\"ltr\" data-wpcf7-id=\"2000\">\n<div class=\"screen-reader-response\"><p role=\"status\" aria-live=\"polite\" aria-atomic=\"true\"><\/p> <ul><\/ul><\/div>\n<form action=\"\/en\/wp-json\/wp\/v2\/pages\/2018#wpcf7-f2000-o1\" method=\"post\" class=\"wpcf7-form init\" aria-label=\"Contact form\" novalidate=\"novalidate\" data-status=\"init\">\n<fieldset class=\"hidden-fields-container\"><input type=\"hidden\" name=\"_wpcf7\" value=\"2000\" \/><input type=\"hidden\" name=\"_wpcf7_version\" value=\"6.1.5\" \/><input type=\"hidden\" name=\"_wpcf7_locale\" value=\"\" \/><input type=\"hidden\" name=\"_wpcf7_unit_tag\" value=\"wpcf7-f2000-o1\" \/><input type=\"hidden\" name=\"_wpcf7_container_post\" value=\"0\" \/><input type=\"hidden\" name=\"_wpcf7_posted_data_hash\" value=\"\" \/><input type=\"hidden\" name=\"_wpcf7_recaptcha_response\" value=\"\" \/>\n<\/fieldset>\n<div class=\"wpcf7-response-output\" aria-hidden=\"true\"><\/div>\n<\/form>\n<\/div>\n<\/div>\n<\/div>\n<\/div>\n<\/div>\n\n<div class=\"wp-block-group has-global-padding is-layout-constrained wp-block-group-is-layout-constrained\" style=\"padding-bottom:var(--wp--preset--spacing--60)\">\n<div data-map-zoom=\"14\" data-interaction=\"cooperative\" data-map-style=\"silver\" data-map-center=\"{\"lat\":45.559,\"lng\":13.87}\" data-zoom-control=\"true\" data-type-control=\"true\" data-street-view-control=\"true\" data-full-screen-control=\"true\" data-map-markers=\"[{\"name\":\"#1\",\"description\":\"\",\"popUpOpen\":false,\"popUpMaxWidth\":250,\"bounce\":false,\"coords\":{\"lat\":0,\"lng\":0}}]\" class=\"wp-block-getwid-map\"><div style=\"height:1028px\" class=\"wp-block-getwid-map__container\"><\/div><ul class=\"wp-block-getwid-map__points\"><li><a href=\"https:\/\/maps.google.com\/?q=0,0&amp;ll=0,0&amp;z=14\">#1<\/a><\/li><\/ul><\/div>\n<\/div>\n","protected":false},"excerpt":{"rendered":"<p>CONTACT Registered office Rubel d.o.o. Zgornje \u0160kofije 3b6281 \u0160kofije Slovenia (EU) T: (05) 654 0 723 E: info@rubel.si Production Gabrovica pri \u010crnem Kalu 18a6275 \u010crni KalSlovenia (EU) Registration number: 3607437000VAT ID No.: SI91089468 Since 2009<\/p>\n","protected":false},"author":2,"featured_media":0,"parent":0,"menu_order":0,"comment_status":"closed","ping_status":"closed","template":"","meta":{"inline_featured_image":false,"footnotes":""},"class_list":["post-2018","page","type-page","status-publish","hentry"],"_links":{"self":[{"href":"https:\/\/rubel.si\/en\/wp-json\/wp\/v2\/pages\/2018","targetHints":{"allow":["GET"]}}],"collection":[{"href":"https:\/\/rubel.si\/en\/wp-json\/wp\/v2\/pages"}],"about":[{"href":"https:\/\/rubel.si\/en\/wp-json\/wp\/v2\/types\/page"}],"author":[{"embeddable":true,"href":"https:\/\/rubel.si\/en\/wp-json\/wp\/v2\/users\/2"}],"replies":[{"embeddable":true,"href":"https:\/\/rubel.si\/en\/wp-json\/wp\/v2\/comments?post=2018"}],"version-history":[{"count":6,"href":"https:\/\/rubel.si\/en\/wp-json\/wp\/v2\/pages\/2018\/revisions"}],"predecessor-version":[{"id":2666,"href":"https:\/\/rubel.si\/en\/wp-json\/wp\/v2\/pages\/2018\/revisions\/2666"}],"wp:attachment":[{"href":"https:\/\/rubel.si\/en\/wp-json\/wp\/v2\/media?parent=2018"}],"curies":[{"name":"wp","href":"https:\/\/api.w.org\/{rel}","templated":true}]}}